{"id":22579,"date":"2024-11-20T11:12:02","date_gmt":"2024-11-20T10:12:02","guid":{"rendered":"https:\/\/www.secondair.fr\/?post_type=product&#038;p=22579"},"modified":"2025-04-30T08:27:21","modified_gmt":"2025-04-30T06:27:21","slug":"oil-injected-screw-compressor-csd105-copy","status":"publish","type":"product","link":"https:\/\/www.secondair.fr\/en\/produit\/oil-injected-screw-compressor-csd105-copy\/","title":{"rendered":"Variable speed screw compressor CSD125SFC &#8211; 6 to 8 weeks delayed"},"content":{"rendered":"<p>Needs 6 to 8 weeks to be refurbished<\/p>\n","protected":false},"excerpt":{"rendered":"<p>Needs 6 to 8 weeks to be refurbished<\/p>\n","protected":false},"featured_media":22222,"comment_status":"open","ping_status":"closed","template":"","meta":{"_acf_changed":false},"product_brand":[],"product_cat":[1478],"product_tag":[],"class_list":{"0":"post-22579","1":"product","2":"type-product","3":"status-publish","4":"has-post-thumbnail","6":"product_cat-refurbished-or-revised-oil-injected-compressors-en","7":"brand_product-kaeser-en","9":"first","10":"instock","11":"taxable","12":"shipping-taxable","13":"purchasable","14":"product-type-simple"},"acf":[],"yoast_head":"<!-- This site is optimized with the Yoast SEO plugin v25.9 - https:\/\/yoast.com\/wordpress\/plugins\/seo\/ -->\n<title>Variable speed screw compressor CSD125SFC - 6 to 8 weeks delayed - Secondair<\/title>\n<meta name=\"description\" content=\"Needs 6 to 8 weeks to be refurbished\" \/>\n<meta name=\"robots\" content=\"index, follow, max-snippet:-1, max-image-preview:large, max-video-preview:-1\" \/>\n<link rel=\"canonical\" href=\"https:\/\/www.secondair.fr\/en\/produit\/oil-injected-screw-compressor-csd105-copy\/\" \/>\n<meta property=\"og:locale\" content=\"en_US\" \/>\n<meta property=\"og:type\" content=\"article\" \/>\n<meta property=\"og:title\" content=\"Variable speed screw compressor CSD125SFC - 6 to 8 weeks delayed - Secondair\" \/>\n<meta property=\"og:description\" content=\"Needs 6 to 8 weeks to be refurbished\" \/>\n<meta property=\"og:url\" content=\"https:\/\/www.secondair.fr\/en\/produit\/oil-injected-screw-compressor-csd105-copy\/\" \/>\n<meta property=\"og:site_name\" content=\"Secondair\" \/>\n<meta property=\"article:modified_time\" content=\"2025-04-30T06:27:21+00:00\" \/>\n<meta property=\"og:image\" content=\"https:\/\/www.secondair.fr\/wp-content\/uploads\/2023\/01\/COVILU-KAESER-CSD125SFC-AGVIOC-1052523-Filmee.jpg\" \/>\n\t<meta property=\"og:image:width\" content=\"2125\" \/>\n\t<meta property=\"og:image:height\" content=\"2125\" \/>\n\t<meta property=\"og:image:type\" content=\"image\/jpeg\" \/>\n<meta name=\"twitter:card\" content=\"summary_large_image\" \/>\n<meta name=\"twitter:label1\" content=\"Est. reading time\" \/>\n\t<meta name=\"twitter:data1\" content=\"1 minute\" \/>\n<script type=\"application\/ld+json\" class=\"yoast-schema-graph\">{\"@context\":\"https:\/\/schema.org\",\"@graph\":[{\"@type\":\"WebPage\",\"@id\":\"https:\/\/www.secondair.fr\/en\/produit\/oil-injected-screw-compressor-csd105-copy\/\",\"url\":\"https:\/\/www.secondair.fr\/en\/produit\/oil-injected-screw-compressor-csd105-copy\/\",\"name\":\"Variable speed screw compressor CSD125SFC - 6 to 8 weeks delayed - Secondair\",\"isPartOf\":{\"@id\":\"https:\/\/www.secondair.fr\/#website\"},\"primaryImageOfPage\":{\"@id\":\"https:\/\/www.secondair.fr\/en\/produit\/oil-injected-screw-compressor-csd105-copy\/#primaryimage\"},\"image\":{\"@id\":\"https:\/\/www.secondair.fr\/en\/produit\/oil-injected-screw-compressor-csd105-copy\/#primaryimage\"},\"thumbnailUrl\":\"https:\/\/www.secondair.fr\/wp-content\/uploads\/2023\/01\/COVILU-KAESER-CSD125SFC-AGVIOC-1052523-Filmee.jpg\",\"datePublished\":\"2024-11-20T10:12:02+00:00\",\"dateModified\":\"2025-04-30T06:27:21+00:00\",\"description\":\"Needs 6 to 8 weeks to be refurbished\",\"breadcrumb\":{\"@id\":\"https:\/\/www.secondair.fr\/en\/produit\/oil-injected-screw-compressor-csd105-copy\/#breadcrumb\"},\"inLanguage\":\"en-US\",\"potentialAction\":[{\"@type\":\"ReadAction\",\"target\":[\"https:\/\/www.secondair.fr\/en\/produit\/oil-injected-screw-compressor-csd105-copy\/\"]}]},{\"@type\":\"ImageObject\",\"inLanguage\":\"en-US\",\"@id\":\"https:\/\/www.secondair.fr\/en\/produit\/oil-injected-screw-compressor-csd105-copy\/#primaryimage\",\"url\":\"https:\/\/www.secondair.fr\/wp-content\/uploads\/2023\/01\/COVILU-KAESER-CSD125SFC-AGVIOC-1052523-Filmee.jpg\",\"contentUrl\":\"https:\/\/www.secondair.fr\/wp-content\/uploads\/2023\/01\/COVILU-KAESER-CSD125SFC-AGVIOC-1052523-Filmee.jpg\",\"width\":2125,\"height\":2125},{\"@type\":\"BreadcrumbList\",\"@id\":\"https:\/\/www.secondair.fr\/en\/produit\/oil-injected-screw-compressor-csd105-copy\/#breadcrumb\",\"itemListElement\":[{\"@type\":\"ListItem\",\"position\":1,\"name\":\"Accueil\",\"item\":\"https:\/\/www.secondair.fr\/en\/\"},{\"@type\":\"ListItem\",\"position\":2,\"name\":\"Produits\",\"item\":\"https:\/\/www.secondair.fr\/shop\/\"},{\"@type\":\"ListItem\",\"position\":3,\"name\":\"Mat\u00e9riels reconditionn\u00e9s ou r\u00e9vis\u00e9s\",\"item\":\"https:\/\/www.secondair.fr\/categorie\/materiels-reconditionnes-ou-revises\/\"},{\"@type\":\"ListItem\",\"position\":4,\"name\":\"Compresseurs lubrifi\u00e9s\",\"item\":\"https:\/\/www.secondair.fr\/categorie\/materiels-reconditionnes-ou-revises\/compresseurs-lubrifies-reconditionnes-ou-revises\/\"},{\"@type\":\"ListItem\",\"position\":5,\"name\":\"Variable speed screw compressor CSD125SFC &#8211; 6 to 8 weeks delayed\"}]},{\"@type\":\"WebSite\",\"@id\":\"https:\/\/www.secondair.fr\/#website\",\"url\":\"https:\/\/www.secondair.fr\/\",\"name\":\"Secondair\",\"description\":\"N\u00b01 du compresseur reconditionn\u00e9\",\"potentialAction\":[{\"@type\":\"SearchAction\",\"target\":{\"@type\":\"EntryPoint\",\"urlTemplate\":\"https:\/\/www.secondair.fr\/?s={search_term_string}\"},\"query-input\":{\"@type\":\"PropertyValueSpecification\",\"valueRequired\":true,\"valueName\":\"search_term_string\"}}],\"inLanguage\":\"en-US\"}]}<\/script>\n<!-- \/ Yoast SEO plugin. -->","yoast_head_json":{"title":"Variable speed screw compressor CSD125SFC - 6 to 8 weeks delayed - Secondair","description":"Needs 6 to 8 weeks to be refurbished","robots":{"index":"index","follow":"follow","max-snippet":"max-snippet:-1","max-image-preview":"max-image-preview:large","max-video-preview":"max-video-preview:-1"},"canonical":"https:\/\/www.secondair.fr\/en\/produit\/oil-injected-screw-compressor-csd105-copy\/","og_locale":"en_US","og_type":"article","og_title":"Variable speed screw compressor CSD125SFC - 6 to 8 weeks delayed - Secondair","og_description":"Needs 6 to 8 weeks to be refurbished","og_url":"https:\/\/www.secondair.fr\/en\/produit\/oil-injected-screw-compressor-csd105-copy\/","og_site_name":"Secondair","article_modified_time":"2025-04-30T06:27:21+00:00","og_image":[{"width":2125,"height":2125,"url":"https:\/\/www.secondair.fr\/wp-content\/uploads\/2023\/01\/COVILU-KAESER-CSD125SFC-AGVIOC-1052523-Filmee.jpg","type":"image\/jpeg"}],"twitter_card":"summary_large_image","twitter_misc":{"Est. reading time":"1 minute"},"schema":{"@context":"https:\/\/schema.org","@graph":[{"@type":"WebPage","@id":"https:\/\/www.secondair.fr\/en\/produit\/oil-injected-screw-compressor-csd105-copy\/","url":"https:\/\/www.secondair.fr\/en\/produit\/oil-injected-screw-compressor-csd105-copy\/","name":"Variable speed screw compressor CSD125SFC - 6 to 8 weeks delayed - Secondair","isPartOf":{"@id":"https:\/\/www.secondair.fr\/#website"},"primaryImageOfPage":{"@id":"https:\/\/www.secondair.fr\/en\/produit\/oil-injected-screw-compressor-csd105-copy\/#primaryimage"},"image":{"@id":"https:\/\/www.secondair.fr\/en\/produit\/oil-injected-screw-compressor-csd105-copy\/#primaryimage"},"thumbnailUrl":"https:\/\/www.secondair.fr\/wp-content\/uploads\/2023\/01\/COVILU-KAESER-CSD125SFC-AGVIOC-1052523-Filmee.jpg","datePublished":"2024-11-20T10:12:02+00:00","dateModified":"2025-04-30T06:27:21+00:00","description":"Needs 6 to 8 weeks to be refurbished","breadcrumb":{"@id":"https:\/\/www.secondair.fr\/en\/produit\/oil-injected-screw-compressor-csd105-copy\/#breadcrumb"},"inLanguage":"en-US","potentialAction":[{"@type":"ReadAction","target":["https:\/\/www.secondair.fr\/en\/produit\/oil-injected-screw-compressor-csd105-copy\/"]}]},{"@type":"ImageObject","inLanguage":"en-US","@id":"https:\/\/www.secondair.fr\/en\/produit\/oil-injected-screw-compressor-csd105-copy\/#primaryimage","url":"https:\/\/www.secondair.fr\/wp-content\/uploads\/2023\/01\/COVILU-KAESER-CSD125SFC-AGVIOC-1052523-Filmee.jpg","contentUrl":"https:\/\/www.secondair.fr\/wp-content\/uploads\/2023\/01\/COVILU-KAESER-CSD125SFC-AGVIOC-1052523-Filmee.jpg","width":2125,"height":2125},{"@type":"BreadcrumbList","@id":"https:\/\/www.secondair.fr\/en\/produit\/oil-injected-screw-compressor-csd105-copy\/#breadcrumb","itemListElement":[{"@type":"ListItem","position":1,"name":"Accueil","item":"https:\/\/www.secondair.fr\/en\/"},{"@type":"ListItem","position":2,"name":"Produits","item":"https:\/\/www.secondair.fr\/shop\/"},{"@type":"ListItem","position":3,"name":"Mat\u00e9riels reconditionn\u00e9s ou r\u00e9vis\u00e9s","item":"https:\/\/www.secondair.fr\/categorie\/materiels-reconditionnes-ou-revises\/"},{"@type":"ListItem","position":4,"name":"Compresseurs lubrifi\u00e9s","item":"https:\/\/www.secondair.fr\/categorie\/materiels-reconditionnes-ou-revises\/compresseurs-lubrifies-reconditionnes-ou-revises\/"},{"@type":"ListItem","position":5,"name":"Variable speed screw compressor CSD125SFC &#8211; 6 to 8 weeks delayed"}]},{"@type":"WebSite","@id":"https:\/\/www.secondair.fr\/#website","url":"https:\/\/www.secondair.fr\/","name":"Secondair","description":"N\u00b01 du compresseur reconditionn\u00e9","potentialAction":[{"@type":"SearchAction","target":{"@type":"EntryPoint","urlTemplate":"https:\/\/www.secondair.fr\/?s={search_term_string}"},"query-input":{"@type":"PropertyValueSpecification","valueRequired":true,"valueName":"search_term_string"}}],"inLanguage":"en-US"}]}},"_links":{"self":[{"href":"https:\/\/www.secondair.fr\/en\/wp-json\/wp\/v2\/product\/22579","targetHints":{"allow":["GET"]}}],"collection":[{"href":"https:\/\/www.secondair.fr\/en\/wp-json\/wp\/v2\/product"}],"about":[{"href":"https:\/\/www.secondair.fr\/en\/wp-json\/wp\/v2\/types\/product"}],"replies":[{"embeddable":true,"href":"https:\/\/www.secondair.fr\/en\/wp-json\/wp\/v2\/comments?post=22579"}],"wp:featuredmedia":[{"embeddable":true,"href":"https:\/\/www.secondair.fr\/en\/wp-json\/wp\/v2\/media\/22222"}],"wp:attachment":[{"href":"https:\/\/www.secondair.fr\/en\/wp-json\/wp\/v2\/media?parent=22579"}],"wp:term":[{"taxonomy":"product_brand","embeddable":true,"href":"https:\/\/www.secondair.fr\/en\/wp-json\/wp\/v2\/product_brand?post=22579"},{"taxonomy":"product_cat","embeddable":true,"href":"https:\/\/www.secondair.fr\/en\/wp-json\/wp\/v2\/product_cat?post=22579"},{"taxonomy":"product_tag","embeddable":true,"href":"https:\/\/www.secondair.fr\/en\/wp-json\/wp\/v2\/product_tag?post=22579"}],"curies":[{"name":"wp","href":"https:\/\/api.w.org\/{rel}","templated":true}]}}